{"id":1078,"date":"2015-07-29T13:44:44","date_gmt":"2015-07-29T13:44:44","guid":{"rendered":"https:\/\/blockart-agency.sites.qsandbox.com\/?page_id=4"},"modified":"2025-02-21T19:14:54","modified_gmt":"2025-02-21T19:14:54","slug":"home","status":"publish","type":"page","link":"https:\/\/evimtasevdenevenakliyat.com\/","title":{"rendered":"Anasayfa"},"content":{"rendered":"\n<div class=\"wp-block-group alignfull is-content-justification-center is-layout-constrained wp-container-core-group-is-layout-df757ecc wp-block-group-is-layout-constrained\" style=\"margin-top:0;margin-bottom:0;padding-top:calc( 0.5 * var(--wp--style--root--padding-right, var(--wp--custom--gap--horizontal)));padding-right:var(--wp--style--root--padding-right, var(--wp--custom--gap--horizontal));padding-bottom:calc( 0.5 * var(--wp--style--root--padding-right, var(--wp--custom--gap--horizontal)));padding-left:var(--wp--style--root--padding-left, var(--wp--custom--gap--horizontal))\">\n<div style=\"height:calc( 0.25 * var(--wp--style--root--padding-right, var(--wp--custom--gap--horizontal)))\" aria-hidden=\"true\" class=\"wp-block-spacer\"><\/div>\n\n\n\n<div class=\"wp-block-columns alignwide is-layout-flex wp-container-core-columns-is-layout-28f84493 wp-block-columns-is-layout-flex\">\n<div class=\"wp-block-column is-vertically-aligned-center is-layout-flow wp-block-column-is-layout-flow\">\n<p class=\"has-base-color has-text-color\" style=\"margin-top:0;margin-right:0;margin-bottom:0;margin-left:0;font-size:18px\"><strong>Evimta\u015f Nakliyat<\/strong><\/p>\n\n\n\n<h3 class=\"wp-block-heading has-base-color has-text-color\" style=\"font-size:48px\">Biz Ta\u015f\u0131yal\u0131m, Siz Keyfinize Bak\u0131n!<\/h3>\n\n\n\n<p class=\"has-base-color has-text-color\" style=\"margin-top:0;margin-right:0;margin-bottom:0;margin-left:0;font-size:24px\">Uygun Fiyatlardan Yararlanmak \u0130\u00e7in Son F\u0131rsat<\/p>\n\n\n\n<div class=\"wp-block-buttons is-layout-flex wp-container-core-buttons-is-layout-27eaf71a wp-block-buttons-is-layout-flex\" style=\"margin-top:20px;margin-bottom:0\">\n<div class=\"wp-block-button has-custom-font-size is-style-fill\" style=\"font-size:16px\"><a class=\"wp-block-button__link has-white-color has-luminous-vivid-amber-background-color has-text-color has-background has-link-color wp-element-button\" href=\"tel:+905322080781\" style=\"border-style:none;border-width:0px\">Hemen Fiyat Teklifi Al<\/a><\/div>\n<\/div>\n<\/div>\n\n\n\n<div class=\"wp-block-column is-vertically-aligned-center is-layout-flow wp-block-column-is-layout-flow\">\n<figure class=\"wp-block-image size-full\"><img loading=\"lazy\" decoding=\"async\" width=\"2560\" height=\"1165\" src=\"https:\/\/evimtasevdenevenakliyat.com\/wp-content\/uploads\/2025\/02\/TURKIYENIN-HER-YERINE-scaled.webp\" alt=\"\" class=\"wp-image-1203\" srcset=\"https:\/\/evimtasevdenevenakliyat.com\/wp-content\/uploads\/2025\/02\/TURKIYENIN-HER-YERINE-scaled.webp 2560w, https:\/\/evimtasevdenevenakliyat.com\/wp-content\/uploads\/2025\/02\/TURKIYENIN-HER-YERINE-300x136.webp 300w, https:\/\/evimtasevdenevenakliyat.com\/wp-content\/uploads\/2025\/02\/TURKIYENIN-HER-YERINE-1024x466.webp 1024w, https:\/\/evimtasevdenevenakliyat.com\/wp-content\/uploads\/2025\/02\/TURKIYENIN-HER-YERINE-768x349.webp 768w, https:\/\/evimtasevdenevenakliyat.com\/wp-content\/uploads\/2025\/02\/TURKIYENIN-HER-YERINE-1536x699.webp 1536w, https:\/\/evimtasevdenevenakliyat.com\/wp-content\/uploads\/2025\/02\/TURKIYENIN-HER-YERINE-2048x932.webp 2048w\" sizes=\"auto, (max-width: 2560px) 100vw, 2560px\" \/><\/figure>\n<\/div>\n<\/div>\n\n\n\n<div style=\"height:calc( 0.25 * var(--wp--style--root--padding-right, var(--wp--custom--gap--horizontal)))\" aria-hidden=\"true\" class=\"wp-block-spacer\"><\/div>\n<\/div>\n\n\n\n<div class=\"blockart-section blockart-section-2636e827\"><div class=\"blockart-container\"><div class=\"blockart-section-inner\">\n<div class=\"blockart-column blockart-column-c8fa061e\"><div class=\"blockart-column-inner\">\n<figure class=\"blockart-image blockart-image-22183819\"><img loading=\"lazy\" decoding=\"async\" class=\"wp-image-1196 hover-effect-static filter-none mask mask-none\" src=\"https:\/\/evimtasevdenevenakliyat.com\/wp-content\/uploads\/2025\/02\/7-24-iletisim.webp\" alt=\"7-24-iletisim\" height=\"600\" width=\"635\" srcset=\"https:\/\/evimtasevdenevenakliyat.com\/wp-content\/uploads\/2025\/02\/7-24-iletisim.webp 635w, https:\/\/evimtasevdenevenakliyat.com\/wp-content\/uploads\/2025\/02\/7-24-iletisim-300x283.webp 300w, https:\/\/evimtasevdenevenakliyat.com\/wp-content\/uploads\/2025\/02\/7-24-iletisim-600x567.webp 600w\" sizes=\"auto, (max-width: 635px) 100vw, 635px\" \/><\/figure>\n<\/div><\/div>\n\n\n\n<div class=\"blockart-column blockart-column-0d62a340\"><div class=\"blockart-column-inner\">\n<h2 class=\"blockart-heading blockart-heading-f75800de\">7\/24 \u0130leti\u015fim Deste\u011fi<\/h2>\n\n\n\n<p class=\"blockart-paragraph blockart-paragraph-a58ce6d4\">Evimta\u015f Nakliyat olarak, 7\/24 ileti\u015fim deste\u011fi sunarak, m\u00fc\u015fterilerimize her an ula\u015f\u0131labilir olmay\u0131 hedefliyoruz. Ta\u015f\u0131ma s\u00fcrecinde herhangi bir sorunuz veya talebiniz oldu\u011funda, uzman ekibimiz size h\u0131zl\u0131 ve etkili \u00e7\u00f6z\u00fcmler sunmak i\u00e7in her zaman haz\u0131r. \u0130ster ev ta\u015f\u0131ma, ister ofis ta\u015f\u0131ma olsun, her t\u00fcrl\u00fc nakliyat hizmetinde g\u00fcvenli ve sorunsuz bir deneyim sa\u011fl\u0131yoruz.<\/p>\n<\/div><\/div>\n<\/div><\/div><\/div>\n\n\n\n<div class=\"blockart-section blockart-section-04c7a3e4\"><div class=\"blockart-container\"><div class=\"blockart-section-inner\">\n<div class=\"blockart-column blockart-column-ebfaffd6\"><div class=\"blockart-column-inner\"><\/div><\/div>\n\n\n\n<div class=\"blockart-column blockart-column-6fe8689a\"><div class=\"blockart-column-inner\">\n<h2 class=\"blockart-heading blockart-heading-01787a42\">Evden Eve Nakliyat Fiyatlar\u0131<br>2025<\/h2>\n\n\n\n<p class=\"blockart-paragraph blockart-paragraph-77e0d6bc\">2025 y\u0131l\u0131nda evden eve nakliyat fiyatlar\u0131, ta\u015f\u0131nacak mesafe, e\u015fyalar\u0131n miktar\u0131 ve ta\u015f\u0131ma i\u015fleminin zorluk derecesine g\u00f6re de\u011fi\u015fiklik g\u00f6sterebilir. Evimta\u015f Nakliyat olarak, m\u00fc\u015fterilerimize sigortal\u0131, g\u00fcvenilir ve profesyonel hizmet sunarak, ta\u015f\u0131nma s\u00fcrecini en uygun fiyatlarla tamamlamay\u0131 hedefliyoruz. Fiyatland\u0131rmalar\u0131m\u0131z\u0131 belirlerken kaliteyi asla ihmal etmiyoruz.<\/p>\n<\/div><\/div>\n\n\n\n<div class=\"blockart-column blockart-column-6eb0e4d6\"><div class=\"blockart-column-inner\"><\/div><\/div>\n<\/div><\/div><\/div>\n\n\n\n<div class=\"blockart-section blockart-section-7adcb576\"><div class=\"blockart-container\"><div class=\"blockart-section-inner\">\n<div class=\"blockart-column blockart-column-c3386c65\"><div class=\"blockart-column-inner\">\n<h2 class=\"blockart-heading blockart-heading-1a876ffe\">1+1 ev Ta\u015f\u0131ma<\/h2>\n\n\n\n<p class=\"blockart-paragraph blockart-paragraph-33c83007\"><strong>10.000<\/strong> TL<\/p>\n\n\n\n<p class=\"blockart-paragraph blockart-paragraph-1c772c3e\">&#8216;DEN BA\u015eLAYAN F\u0130YATLARLAR<\/p>\n\n\n\n<div class=\"blockart-buttons blockart-buttons-7c069a12 is-wrap justify-center justify-center-sm\">\n<div class=\"blockart-button blockart-button-64d1a867 \"><a class=\"blockart-button-link is-custom is-style-filled\" href=\"#\">TEKL\u0130F AL<\/a><\/div>\n<\/div>\n<\/div><\/div>\n\n\n\n<div class=\"blockart-column blockart-column-96b9bb43\"><div class=\"blockart-column-inner\">\n<h2 class=\"blockart-heading blockart-heading-5d5a0150\">2+1 ev Ta\u015f\u0131ma<\/h2>\n\n\n\n<p class=\"blockart-paragraph blockart-paragraph-e3d50522\"><strong><strong>20.000 TL<\/strong><\/strong><\/p>\n\n\n\n<p class=\"blockart-paragraph blockart-paragraph-4064de70\">&#8216;DEN BA\u015eLAYAN F\u0130YATLARLAR<\/p>\n\n\n\n<div class=\"blockart-buttons blockart-buttons-9a4e45eb is-wrap justify-center justify-center-sm\">\n<div class=\"blockart-button blockart-button-deb96322 \"><a class=\"blockart-button-link is-custom is-style-filled\" href=\"#\">TEKL\u0130F AL<\/a><\/div>\n<\/div>\n<\/div><\/div>\n\n\n\n<div class=\"blockart-column blockart-column-84688c5f\"><div class=\"blockart-column-inner\">\n<h2 class=\"blockart-heading blockart-heading-00b93203\">3+1 Ev Ta\u015f\u0131ma<\/h2>\n\n\n\n<p class=\"blockart-paragraph blockart-paragraph-06baef1f\"><strong><strong>30.000<\/strong><\/strong> TL<\/p>\n\n\n\n<p class=\"blockart-paragraph blockart-paragraph-836a1c36\">&#8216;DEN BA\u015eLAYAN F\u0130YATLARLAR<\/p>\n\n\n\n<div class=\"blockart-buttons blockart-buttons-21e50a7e is-wrap justify-center justify-center-sm\">\n<div class=\"blockart-button blockart-button-57d62c5e \"><a class=\"blockart-button-link is-custom is-style-filled\" href=\"#\">TEKL\u0130F AL<\/a><\/div>\n<\/div>\n<\/div><\/div>\n<\/div><\/div><\/div>\n\n\n\n<div class=\"blockart-section blockart-section-5b24aee6\"><div class=\"blockart-container\"><div class=\"blockart-section-inner\">\n<div class=\"blockart-column blockart-column-8ebf07e9\"><div class=\"blockart-column-inner\"><\/div><\/div>\n\n\n\n<div class=\"blockart-column blockart-column-01125634\"><div class=\"blockart-column-inner\">\n<h2 class=\"blockart-heading blockart-heading-25386736\">\u0130stanbul Evden Eve Nakliye\u00a0Ara\u00e7lar\u0131m\u0131z<\/h2>\n\n\n\n<p class=\"blockart-paragraph blockart-paragraph-6d68128a\">Evimta\u015f Nakliyat olarak, \u0130stanbul&#8217;dan yap\u0131lan evden eve ta\u015f\u0131mac\u0131l\u0131k hizmetlerinde en iyi sonu\u00e7lar\u0131 sa\u011flamak i\u00e7in geni\u015f bir ara\u00e7 filosuna sahibiz. Ta\u015f\u0131ma i\u015flemlerini h\u0131zl\u0131, g\u00fcvenli ve verimli bir \u015fekilde ger\u00e7ekle\u015ftirebilmek i\u00e7in farkl\u0131 b\u00fcy\u00fckl\u00fckteki ara\u00e7larla hizmet veriyoruz. Her t\u00fcr e\u015fyay\u0131 \u00f6zenle ta\u015f\u0131yarak, m\u00fc\u015fteri memnuniyetini \u00f6n planda tutuyoruz.<\/p>\n<\/div><\/div>\n\n\n\n<div class=\"blockart-column blockart-column-86501f87\"><div class=\"blockart-column-inner\"><\/div><\/div>\n<\/div><\/div><\/div>\n\n\n\n<div class=\"wp-block-columns is-layout-flex wp-container-core-columns-is-layout-28f84493 wp-block-columns-is-layout-flex\">\n<div class=\"wp-block-column is-layout-flow wp-block-column-is-layout-flow\" style=\"flex-basis:100%\">\n<figure class=\"wp-block-image aligncenter size-full\"><img loading=\"lazy\" decoding=\"async\" width=\"976\" height=\"370\" src=\"https:\/\/evimtasevdenevenakliyat.com\/wp-content\/uploads\/2025\/02\/arac-evimtas.webp\" alt=\"\" class=\"wp-image-1182\" srcset=\"https:\/\/evimtasevdenevenakliyat.com\/wp-content\/uploads\/2025\/02\/arac-evimtas.webp 976w, https:\/\/evimtasevdenevenakliyat.com\/wp-content\/uploads\/2025\/02\/arac-evimtas-300x114.webp 300w, https:\/\/evimtasevdenevenakliyat.com\/wp-content\/uploads\/2025\/02\/arac-evimtas-768x291.webp 768w, https:\/\/evimtasevdenevenakliyat.com\/wp-content\/uploads\/2025\/02\/arac-evimtas-600x227.webp 600w\" sizes=\"auto, (max-width: 976px) 100vw, 976px\" \/><\/figure>\n<\/div>\n<\/div>\n\n\n\n<div class=\"blockart-section blockart-section-1cf290e2\"><div class=\"blockart-container\"><div class=\"blockart-section-inner\">\n<div class=\"blockart-column blockart-column-6d8f1d27\"><div class=\"blockart-column-inner\"><\/div><\/div>\n\n\n\n<div class=\"blockart-column blockart-column-b7903d99\"><div class=\"blockart-column-inner\">\n<h2 class=\"blockart-heading blockart-heading-c7b45dbd\">M\u00fc\u015fteri Yorumlar\u0131<\/h2>\n\n\n\n<p class=\"blockart-paragraph blockart-paragraph-cc5aa091\">M\u00fc\u015fteri yorumlar\u0131, Evimta\u015f Nakliyat&#8217;\u0131n g\u00fcvenilirli\u011fi ve profesyonelli\u011fini kan\u0131tlar niteliktedir. Her ta\u015f\u0131ma s\u00fcrecinde g\u00f6sterdi\u011fimiz \u00f6zen ve dikkat, m\u00fc\u015fterilerimizin memnuniyetini art\u0131r\u0131r. Sigortal\u0131 ta\u015f\u0131mac\u0131l\u0131k hizmeti ile e\u015fyalar\u0131n\u0131z g\u00fcvende, ta\u015f\u0131ma i\u015flemi ise h\u0131zl\u0131 ve g\u00fcvenli bir \u015fekilde ger\u00e7ekle\u015fir. Geribildirimlerimiz, kaliteli hizmet anlay\u0131\u015f\u0131m\u0131z\u0131 peki\u015ftirir.<\/p>\n<\/div><\/div>\n\n\n\n<div class=\"blockart-column blockart-column-c70c485b\"><div class=\"blockart-column-inner\"><\/div><\/div>\n<\/div><\/div><\/div>\n\n\n\n<div class=\"blockart-section blockart-section-c3d7ca4d\"><div class=\"blockart-container\"><div class=\"blockart-section-inner\">\n<div class=\"blockart-column blockart-column-bab44034\"><div class=\"blockart-column-inner\">\n<p class=\"blockart-paragraph blockart-paragraph-f7a8f0e2\">Evimta\u015f Nakliyat ile ta\u015f\u0131nma s\u00fcrecim \u00e7ok rahat ge\u00e7ti. E\u015fyalar\u0131m \u00f6zenle paketlendi ve sigortal\u0131 ta\u015f\u0131ma sayesinde hi\u00e7 bir hasar almad\u0131. Ta\u015f\u0131ma ekibi son derece profesyoneldi ve zaman\u0131nda tamamlad\u0131lar. Bu s\u00fcre\u00e7te bana g\u00f6sterdikleri \u00f6zen i\u00e7in te\u015fekk\u00fcr ederim. Herkese g\u00f6n\u00fcl rahatl\u0131\u011f\u0131yla tavsiye ediyorum.<\/p>\n\n\n\n<div class=\"blockart-section blockart-section-b3ef4c6b\"><div class=\"blockart-container\"><div class=\"blockart-section-inner\">\n<div class=\"blockart-column blockart-column-6153e858\"><div class=\"blockart-column-inner\">\n<h3 class=\"blockart-heading blockart-heading-8b8446b9\">Asl\u0131 Yaren G\u00fcl<\/h3>\n\n\n\n<p class=\"blockart-paragraph blockart-paragraph-ac3eba2a\">\u00d6\u011fretmen<\/p>\n<\/div><\/div>\n<\/div><\/div><\/div>\n<\/div><\/div>\n\n\n\n<div class=\"blockart-column blockart-column-90e5f98b\"><div class=\"blockart-column-inner\">\n<p class=\"blockart-paragraph blockart-paragraph-c4ade2e9\">Evimta\u015f Nakliyat ile \u0130stanbul-Adana aras\u0131 ta\u015f\u0131nma s\u00fcrecim \u00e7ok rahat ge\u00e7ti. E\u015fyalar\u0131m sigortal\u0131 ta\u015f\u0131nd\u0131 ve hi\u00e7bir zarar g\u00f6rmedi. Ta\u015f\u0131ma ekibi \u00e7ok profesyoneldi, zaman\u0131nda geldiler ve her \u015feyin g\u00fcvenli bir \u015fekilde ta\u015f\u0131nd\u0131\u011f\u0131ndan emin oldular. Hem fiyat hem de hizmet a\u00e7\u0131s\u0131ndan kesinlikle tavsiye ediyorum.<br><\/p>\n\n\n\n<div class=\"blockart-section blockart-section-3ad7aab0\"><div class=\"blockart-container\"><div class=\"blockart-section-inner\">\n<div class=\"blockart-column blockart-column-c86f4b30\"><div class=\"blockart-column-inner\">\n<h3 class=\"blockart-heading blockart-heading-4723333c\">Emre Y\u0131ld\u0131r\u0131m<\/h3>\n\n\n\n<p class=\"blockart-paragraph blockart-paragraph-b8da539e\">Mimar<\/p>\n<\/div><\/div>\n<\/div><\/div><\/div>\n<\/div><\/div>\n<\/div><\/div><\/div>\n\n\n\n<div class=\"blockart-section blockart-section-aa970efe\"><div class=\"blockart-container\"><div class=\"blockart-section-inner\">\n<div class=\"blockart-column blockart-column-57c63d01\"><div class=\"blockart-column-inner\">\n<figure class=\"blockart-image blockart-image-bbe8b125\"><img loading=\"lazy\" decoding=\"async\" class=\"wp-image-401 hover-effect-static filter-none mask mask-none\" src=\"https:\/\/evimtasevdenevenakliyat.com\/wp-content\/uploads\/2021\/12\/icon-trust.png\" alt=\"\" height=\"64\" width=\"64\"\/><\/figure>\n\n\n\n<p class=\"blockart-paragraph blockart-paragraph-9f52e275\"><strong>310k<\/strong>+<\/p>\n\n\n\n<h2 class=\"blockart-heading blockart-heading-3f25da05\">M\u00fc\u015fteri memnuyeti<\/h2>\n<\/div><\/div>\n\n\n\n<div class=\"blockart-column blockart-column-20051e98\"><div class=\"blockart-column-inner\">\n<figure class=\"blockart-image blockart-image-47c0a3ed\"><img loading=\"lazy\" decoding=\"async\" class=\"wp-image-400 hover-effect-static filter-none mask mask-none\" src=\"https:\/\/evimtasevdenevenakliyat.com\/wp-content\/uploads\/2021\/12\/icon-experts.png\" alt=\"\" height=\"64\" width=\"64\"\/><\/figure>\n\n\n\n<p class=\"blockart-paragraph blockart-paragraph-57db1a41\"><strong><strong>81+<\/strong><\/strong><\/p>\n\n\n\n<h2 class=\"blockart-heading blockart-heading-39cc876a\">\u015fube<\/h2>\n<\/div><\/div>\n\n\n\n<div class=\"blockart-column blockart-column-8fee0a04\"><div class=\"blockart-column-inner\">\n<figure class=\"blockart-image blockart-image-0193bab7\"><img loading=\"lazy\" decoding=\"async\" class=\"wp-image-399 hover-effect-static filter-none mask mask-none\" src=\"https:\/\/evimtasevdenevenakliyat.com\/wp-content\/uploads\/2021\/12\/icon-experience.png\" alt=\"\" height=\"64\" width=\"64\"\/><\/figure>\n\n\n\n<p class=\"blockart-paragraph blockart-paragraph-1e378cec\"><strong><strong>90+<\/strong><\/strong><\/p>\n\n\n\n<h2 class=\"blockart-heading blockart-heading-305457fc\">ara\u00e7<\/h2>\n<\/div><\/div>\n\n\n\n<div class=\"blockart-column blockart-column-41f7798d\"><div class=\"blockart-column-inner\">\n<figure class=\"blockart-image blockart-image-b6e6c89a\"><img loading=\"lazy\" decoding=\"async\" class=\"wp-image-402 hover-effect-static filter-none mask mask-none\" src=\"https:\/\/evimtasevdenevenakliyat.com\/wp-content\/uploads\/2021\/12\/client.png\" alt=\"\" height=\"64\" width=\"64\"\/><\/figure>\n\n\n\n<p class=\"blockart-paragraph blockart-paragraph-34a731b4\"><strong><strong>28+<\/strong><\/strong><\/p>\n\n\n\n<h2 class=\"blockart-heading blockart-heading-8a173d89\">\u00f6d\u00fcller<\/h2>\n<\/div><\/div>\n<\/div><\/div><\/div>\n\n\n\n<div class=\"blockart-section blockart-section-f453ba62\"><div class=\"blockart-container-fluid\"><div class=\"blockart-section-inner\">\n<div class=\"blockart-column blockart-column-5dabd232\"><div class=\"blockart-column-inner\">\n<figure class=\"blockart-image blockart-image-d94df48e\"><img loading=\"lazy\" decoding=\"async\" class=\"wp-image-1158 hover-effect-static filter-none mask mask-none\" src=\"https:\/\/evimtasevdenevenakliyat.com\/wp-content\/uploads\/2025\/02\/arcelik.webp\" alt=\"\" height=\"449\" width=\"1600\" srcset=\"https:\/\/evimtasevdenevenakliyat.com\/wp-content\/uploads\/2025\/02\/arcelik.webp 1600w, https:\/\/evimtasevdenevenakliyat.com\/wp-content\/uploads\/2025\/02\/arcelik-300x84.webp 300w, https:\/\/evimtasevdenevenakliyat.com\/wp-content\/uploads\/2025\/02\/arcelik-1024x287.webp 1024w, https:\/\/evimtasevdenevenakliyat.com\/wp-content\/uploads\/2025\/02\/arcelik-768x216.webp 768w, https:\/\/evimtasevdenevenakliyat.com\/wp-content\/uploads\/2025\/02\/arcelik-1536x431.webp 1536w, https:\/\/evimtasevdenevenakliyat.com\/wp-content\/uploads\/2025\/02\/arcelik-600x168.webp 600w\" sizes=\"auto, (max-width: 1600px) 100vw, 1600px\" \/><\/figure>\n<\/div><\/div>\n\n\n\n<div class=\"blockart-column blockart-column-ad6cd62a\"><div class=\"blockart-column-inner\">\n<figure class=\"blockart-image blockart-image-3393d5de\"><img decoding=\"async\" class=\"wp-image-1165 hover-effect-static filter-none mask mask-none\" src=\"https:\/\/evimtasevdenevenakliyat.com\/wp-content\/uploads\/2025\/02\/petrol-ofisi.webp\" alt=\"\"\/><\/figure>\n<\/div><\/div>\n\n\n\n<div class=\"blockart-column blockart-column-84acbf7d\"><div class=\"blockart-column-inner\">\n<figure class=\"blockart-image blockart-image-f1202d10\"><img decoding=\"async\" class=\"wp-image-1166 hover-effect-static filter-none mask mask-none\" src=\"https:\/\/evimtasevdenevenakliyat.com\/wp-content\/uploads\/2025\/02\/besiktas.webp\" alt=\"\"\/><\/figure>\n<\/div><\/div>\n\n\n\n<div class=\"blockart-column blockart-column-094ab86c\"><div class=\"blockart-column-inner\">\n<figure class=\"blockart-image blockart-image-468b23e6\"><img loading=\"lazy\" decoding=\"async\" class=\"wp-image-1163 hover-effect-static filter-none mask mask-none\" src=\"https:\/\/evimtasevdenevenakliyat.com\/wp-content\/uploads\/2025\/02\/tupras.webp\" alt=\"\" height=\"279\" width=\"1024\" srcset=\"https:\/\/evimtasevdenevenakliyat.com\/wp-content\/uploads\/2025\/02\/tupras.webp 1024w, https:\/\/evimtasevdenevenakliyat.com\/wp-content\/uploads\/2025\/02\/tupras-300x82.webp 300w, https:\/\/evimtasevdenevenakliyat.com\/wp-content\/uploads\/2025\/02\/tupras-768x209.webp 768w, https:\/\/evimtasevdenevenakliyat.com\/wp-content\/uploads\/2025\/02\/tupras-600x163.webp 600w\" sizes=\"auto, (max-width: 1024px) 100vw, 1024px\" \/><\/figure>\n<\/div><\/div>\n\n\n\n<div class=\"blockart-column blockart-column-72d2cf20\"><div class=\"blockart-column-inner\">\n<figure class=\"blockart-image blockart-image-2df15e3d\"><img loading=\"lazy\" decoding=\"async\" class=\"wp-image-1180 hover-effect-static filter-none mask mask-none\" src=\"https:\/\/evimtasevdenevenakliyat.com\/wp-content\/uploads\/2025\/02\/aksa.webp\" alt=\"\" height=\"118\" width=\"300\"\/><\/figure>\n<\/div><\/div>\n<\/div><\/div><\/div>\n\n\n\n<div class=\"blockart-section blockart-section-d8bb7b25\"><div class=\"blockart-container\"><div class=\"blockart-section-inner\">\n<div class=\"blockart-column blockart-column-e70448c7\"><div class=\"blockart-column-inner\"><\/div><\/div>\n\n\n\n<div class=\"blockart-column blockart-column-716dcbed\"><div class=\"blockart-column-inner\">\n<figure class=\"blockart-image blockart-image-41c122c1\"><a href=\"https:\/\/www.facebook.com\/zakratheme\"><img loading=\"lazy\" decoding=\"async\" class=\"wp-image-516 hover-effect-static filter-none mask mask-none\" src=\"https:\/\/evimtasevdenevenakliyat.com\/wp-content\/uploads\/2021\/12\/fav_icon1.png\" alt=\"\" height=\"40\" width=\"33\"\/><\/a><\/figure>\n<\/div><\/div>\n\n\n\n<div class=\"blockart-column blockart-column-b0322e25\"><div class=\"blockart-column-inner\">\n<figure class=\"blockart-image blockart-image-9ad0c8b0\"><a href=\"https:\/\/twitter.com\/zakratheme\/\"><img loading=\"lazy\" decoding=\"async\" class=\"wp-image-525 hover-effect-static filter-none mask mask-none\" src=\"https:\/\/evimtasevdenevenakliyat.com\/wp-content\/uploads\/2021\/12\/icon2.png\" alt=\"\" height=\"34\" width=\"33\"\/><\/a><\/figure>\n<\/div><\/div>\n\n\n\n<div class=\"blockart-column blockart-column-7fe6faa4\"><div class=\"blockart-column-inner\">\n<figure class=\"blockart-image blockart-image-e8b7db51\"><a href=\"https:\/\/www.pinterest.co.uk\/themegrill\"><img loading=\"lazy\" decoding=\"async\" class=\"wp-image-556 hover-effect-static filter-none mask mask-none\" src=\"https:\/\/evimtasevdenevenakliyat.com\/wp-content\/uploads\/2021\/12\/fav_icon5.png\" alt=\"\" height=\"33\" width=\"33\"\/><\/a><\/figure>\n<\/div><\/div>\n\n\n\n<div class=\"blockart-column blockart-column-3ce79db4\"><div class=\"blockart-column-inner\">\n<figure class=\"blockart-image blockart-image-8b2e1c55\"><a href=\"https:\/\/www.youtube.com\/channel\/UCxxUb-k2cT43fNXY-V39LXw\"><img loading=\"lazy\" decoding=\"async\" class=\"wp-image-558 hover-effect-static filter-none mask mask-none\" src=\"https:\/\/evimtasevdenevenakliyat.com\/wp-content\/uploads\/2021\/12\/icon4.png\" alt=\"\" height=\"33\" width=\"36\"\/><\/a><\/figure>\n<\/div><\/div>\n\n\n\n<div class=\"blockart-column blockart-column-b947f356\"><div class=\"blockart-column-inner\">\n<figure class=\"blockart-image blockart-image-ef4893ac\"><a href=\"https:\/\/www.linkedin.com\/company\/themegrill-pvt.-ltd.\/\"><img loading=\"lazy\" decoding=\"async\" class=\"wp-image-559 hover-effect-static filter-none mask mask-none\" src=\"https:\/\/evimtasevdenevenakliyat.com\/wp-content\/uploads\/2021\/12\/icon5.png\" alt=\"\" height=\"36\" width=\"35\"\/><\/a><\/figure>\n<\/div><\/div>\n\n\n\n<div class=\"blockart-column blockart-column-ce805f44\"><div class=\"blockart-column-inner\"><\/div><\/div>\n<\/div><\/div><\/div>\n\n\n\n<div class=\"blockart-section blockart-section-8b8f1819\"><div class=\"blockart-container\"><div class=\"blockart-section-inner\">\n<div class=\"blockart-column blockart-column-c0d6a117\"><div class=\"blockart-column-inner\"><\/div><\/div>\n<\/div><\/div><\/div>\n\n\n\n<p><\/p>\n","protected":false},"excerpt":{"rendered":"<p>Evimta\u015f Nakliyat Biz Ta\u015f\u0131yal\u0131m, Siz Keyfinize Bak\u0131n! Uygun Fiyatlardan Yararlanmak \u0130\u00e7in Son F\u0131rsat<\/p>\n","protected":false},"author":1,"featured_media":0,"parent":0,"menu_order":0,"comment_status":"open","ping_status":"open","template":"page-templates\/pagebuilder.php","meta":{"zakra_sidebar_layout":"stretched","zakra_remove_content_margin":true,"zakra_sidebar":"customizer","zakra_transparent_header":"customizer","zakra_logo":0,"zakra_main_header_style":"default","zakra_menu_item_color":"","zakra_menu_item_hover_color":"#000000","zakra_menu_item_active_color":"#23ab70","zakra_menu_active_style":"style-1","zakra_page_header":false,"footnotes":""},"class_list":["post-1078","page","type-page","status-publish","hentry"],"_links":{"self":[{"href":"https:\/\/evimtasevdenevenakliyat.com\/index.php?rest_route=\/wp\/v2\/pages\/1078","targetHints":{"allow":["GET"]}}],"collection":[{"href":"https:\/\/evimtasevdenevenakliyat.com\/index.php?rest_route=\/wp\/v2\/pages"}],"about":[{"href":"https:\/\/evimtasevdenevenakliyat.com\/index.php?rest_route=\/wp\/v2\/types\/page"}],"author":[{"embeddable":true,"href":"https:\/\/evimtasevdenevenakliyat.com\/index.php?rest_route=\/wp\/v2\/users\/1"}],"replies":[{"embeddable":true,"href":"https:\/\/evimtasevdenevenakliyat.com\/index.php?rest_route=%2Fwp%2Fv2%2Fcomments&post=1078"}],"version-history":[{"count":53,"href":"https:\/\/evimtasevdenevenakliyat.com\/index.php?rest_route=\/wp\/v2\/pages\/1078\/revisions"}],"predecessor-version":[{"id":1209,"href":"https:\/\/evimtasevdenevenakliyat.com\/index.php?rest_route=\/wp\/v2\/pages\/1078\/revisions\/1209"}],"wp:attachment":[{"href":"https:\/\/evimtasevdenevenakliyat.com\/index.php?rest_route=%2Fwp%2Fv2%2Fmedia&parent=1078"}],"curies":[{"name":"wp","href":"https:\/\/api.w.org\/{rel}","templated":true}]}}